{"id":2245,"date":"2025-07-25T14:16:40","date_gmt":"2025-07-25T12:16:40","guid":{"rendered":"https:\/\/snowflake.academy\/domu\/"},"modified":"2026-03-17T10:35:17","modified_gmt":"2026-03-17T09:35:17","slug":"domu","status":"publish","type":"page","link":"https:\/\/snowflake.academy\/cs\/","title":{"rendered":"Dom\u016f"},"content":{"rendered":"\t\t<div data-elementor-type=\"wp-page\" data-elementor-id=\"2245\" class=\"elementor elementor-2245 elementor-12\" data-elementor-post-type=\"page\">\n\t\t\t\t<div class=\"elementor-element elementor-element-b73f7ca e-flex e-con-boxed e-con e-parent\" data-id=\"b73f7ca\" data-element_type=\"container\" data-settings=\"{&quot;background_background&quot;:&quot;classic&quot;,&quot;jet_parallax_layout_list&quot;:[]}\">\n\t\t\t\t\t<div class=\"e-con-inner\">\n\t\t\t\t<div class=\"elementor-element elementor-element-16b1313 elementor-absolute elementor-hidden-mobile elementor-widget elementor-widget-image\" data-id=\"16b1313\" data-element_type=\"widget\" data-settings=\"{&quot;_position&quot;:&quot;absolute&quot;}\" data-widget_type=\"image.default\">\n\t\t\t\t\t\t\t\t\t\t\t\t\t\t\t<img decoding=\"async\" src=\"https:\/\/snowflake.academy\/wp-content\/uploads\/2025\/08\/Vector-8.svg\" class=\"attachment-full size-full wp-image-2216\" alt=\"\" \/>\t\t\t\t\t\t\t\t\t\t\t\t\t\t\t<\/div>\n\t\t\t\t<div class=\"elementor-element elementor-element-bf284c6 elementor-absolute elementor-hidden-mobile elementor-widget elementor-widget-image\" data-id=\"bf284c6\" data-element_type=\"widget\" data-settings=\"{&quot;_position&quot;:&quot;absolute&quot;}\" data-widget_type=\"image.default\">\n\t\t\t\t\t\t\t\t\t\t\t\t\t\t\t<img decoding=\"async\" src=\"https:\/\/snowflake.academy\/wp-content\/uploads\/2025\/08\/Vector-9.svg\" class=\"attachment-full size-full wp-image-2217\" alt=\"\" \/>\t\t\t\t\t\t\t\t\t\t\t\t\t\t\t<\/div>\n\t\t\t\t<div class=\"elementor-element elementor-element-72a7339 elementor-widget elementor-widget-image\" data-id=\"72a7339\" data-element_type=\"widget\" data-widget_type=\"image.default\">\n\t\t\t\t\t\t\t\t\t\t\t\t\t\t\t<img decoding=\"async\" width=\"282\" height=\"86\" src=\"https:\/\/snowflake.academy\/wp-content\/uploads\/2025\/07\/logo.svg\" class=\"attachment-full size-full wp-image-2218\" alt=\"snowflake academy logo\" \/>\t\t\t\t\t\t\t\t\t\t\t\t\t\t\t<\/div>\n\t\t<div class=\"elementor-element elementor-element-b7ec577 e-con-full e-flex e-con e-child\" data-id=\"b7ec577\" data-element_type=\"container\" data-settings=\"{&quot;jet_parallax_layout_list&quot;:[]}\">\n\t\t<div class=\"elementor-element elementor-element-af2ded2 e-con-full e-flex elementor-invisible e-con e-child\" data-id=\"af2ded2\" data-element_type=\"container\" data-settings=\"{&quot;jet_parallax_layout_list&quot;:[],&quot;animation&quot;:&quot;fadeInDown&quot;}\">\n\t\t\t\t<div class=\"elementor-element elementor-element-3ed69e4 intro-text elementor-widget__width-initial elementor-invisible elementor-widget elementor-widget-heading\" data-id=\"3ed69e4\" data-element_type=\"widget\" data-settings=\"{&quot;_animation&quot;:&quot;fadeInDown&quot;}\" data-widget_type=\"heading.default\">\n\t\t\t\t\t<h2 class=\"elementor-heading-title elementor-size-default\">Akademie ly\u017eov\u00e1n\u00ed a snowboardingu<\/h2>\t\t\t\t<\/div>\n\t\t\t\t<div class=\"elementor-element elementor-element-0a25fb3 elementor-widget__width-initial elementor-invisible elementor-widget elementor-widget-heading\" data-id=\"0a25fb3\" data-element_type=\"widget\" data-settings=\"{&quot;_animation&quot;:&quot;fadeIn&quot;,&quot;_animation_delay&quot;:300}\" data-widget_type=\"heading.default\">\n\t\t\t\t\t<div class=\"elementor-heading-title elementor-size-default\">Za\u017eij \u0161kolu ly\u017eov\u00e1n\u00ed, snowboardingu, skialpinismu, s\u00e1\u0148kov\u00e1n\u00ed, d\u011bl\u00e1n\u00ed sn\u011bhov\u00fdch and\u011bl\u016f, ve SNOWFLAKE jsme experti na zimn\u00ed sporty.<\/div>\t\t\t\t<\/div>\n\t\t\t\t<div class=\"elementor-element elementor-element-6f76a8b elementor-mobile-align-center footer-btn elementor-invisible elementor-widget elementor-widget-button\" data-id=\"6f76a8b\" data-element_type=\"widget\" data-settings=\"{&quot;_animation&quot;:&quot;fadeIn&quot;,&quot;_animation_delay&quot;:300}\" data-widget_type=\"button.default\">\n\t\t\t\t\t\t\t\t\t\t<a class=\"elementor-button elementor-button-link elementor-size-sm\" href=\"https:\/\/snowflake.academy\/cs\/lyziarska-skola\/\">\n\t\t\t\t\t\t<span class=\"elementor-button-content-wrapper\">\n\t\t\t\t\t\t<span class=\"elementor-button-icon\">\n\t\t\t\t<svg xmlns=\"http:\/\/www.w3.org\/2000\/svg\" width=\"14\" height=\"15\" viewBox=\"0 0 14 15\" fill=\"none\"><path d=\"M12.25 8.52669V12.0267C12.25 12.3361 12.1271 12.6329 11.9083 12.8517C11.6895 13.0704 11.3928 13.1934 11.0833 13.1934H2.91667C2.60725 13.1934 2.3105 13.0704 2.09171 12.8517C1.87292 12.6329 1.75 12.3361 1.75 12.0267V3.86003C1.75 3.55061 1.87292 3.25386 2.09171 3.03507C2.3105 2.81628 2.60725 2.69336 2.91667 2.69336H6.41667M12.25 2.69336L7 7.94336M12.25 2.69336H8.75M12.25 2.69336V6.19336\" stroke=\"white\" stroke-width=\"1.5\" stroke-linecap=\"round\" stroke-linejoin=\"round\"><\/path><\/svg>\t\t\t<\/span>\n\t\t\t\t\t\t\t\t\t<span class=\"elementor-button-text\">V\u00edce info<\/span>\n\t\t\t\t\t<\/span>\n\t\t\t\t\t<\/a>\n\t\t\t\t\t\t\t\t<\/div>\n\t\t\t\t<\/div>\n\t\t<div class=\"elementor-element elementor-element-a161af8 e-con-full e-flex e-con e-child\" data-id=\"a161af8\" data-element_type=\"container\" data-settings=\"{&quot;jet_parallax_layout_list&quot;:[]}\">\n\t\t\t\t<div class=\"elementor-element elementor-element-2e90cbc elementor-widget elementor-widget-image\" data-id=\"2e90cbc\" data-element_type=\"widget\" data-widget_type=\"image.default\">\n\t\t\t\t\t\t\t\t\t\t\t\t\t\t\t<img fetchpriority=\"high\" decoding=\"async\" width=\"1042\" height=\"1010\" src=\"https:\/\/snowflake.academy\/wp-content\/uploads\/2025\/08\/02.png\" class=\"attachment-full size-full wp-image-2219\" alt=\"ly\u017ee z po\u017ei\u010dovne v\u00fdbavy\" srcset=\"https:\/\/snowflake.academy\/wp-content\/uploads\/2025\/08\/02.png 1042w, https:\/\/snowflake.academy\/wp-content\/uploads\/2025\/08\/02-600x582.png 600w, https:\/\/snowflake.academy\/wp-content\/uploads\/2025\/08\/02-300x291.png 300w, https:\/\/snowflake.academy\/wp-content\/uploads\/2025\/08\/02-1024x993.png 1024w, https:\/\/snowflake.academy\/wp-content\/uploads\/2025\/08\/02-768x744.png 768w\" sizes=\"(max-width: 1042px) 100vw, 1042px\" \/>\t\t\t\t\t\t\t\t\t\t\t\t\t\t\t<\/div>\n\t\t\t\t<div class=\"elementor-element elementor-element-a036d2f elementor-absolute elementor-hidden-desktop elementor-hidden-laptop elementor-hidden-tablet elementor-widget elementor-widget-image\" data-id=\"a036d2f\" data-element_type=\"widget\" data-settings=\"{&quot;_position&quot;:&quot;absolute&quot;}\" data-widget_type=\"image.default\">\n\t\t\t\t\t\t\t\t\t\t\t\t\t\t\t<img decoding=\"async\" width=\"97\" height=\"283\" src=\"https:\/\/snowflake.academy\/wp-content\/uploads\/2025\/08\/Vector-10.svg\" class=\"attachment-large size-large wp-image-2220\" alt=\"\" \/>\t\t\t\t\t\t\t\t\t\t\t\t\t\t\t<\/div>\n\t\t\t\t<\/div>\n\t\t\t\t<\/div>\n\t\t<div class=\"elementor-element elementor-element-d9ae22c e-con-full e-flex e-con e-child\" data-id=\"d9ae22c\" data-element_type=\"container\" data-settings=\"{&quot;jet_parallax_layout_list&quot;:[]}\">\n\t\t<div class=\"elementor-element elementor-element-fc7548d e-con-full e-flex e-con e-child\" data-id=\"fc7548d\" data-element_type=\"container\" data-settings=\"{&quot;jet_parallax_layout_list&quot;:[]}\">\n\t\t\t\t<div class=\"elementor-element elementor-element-78d6ceb elementor-widget elementor-widget-image\" data-id=\"78d6ceb\" data-element_type=\"widget\" data-widget_type=\"image.default\">\n\t\t\t\t\t\t\t\t\t\t\t\t\t\t\t<img loading=\"lazy\" decoding=\"async\" width=\"1058\" height=\"1014\" src=\"https:\/\/snowflake.academy\/wp-content\/uploads\/2025\/08\/01.png\" class=\"attachment-full size-full wp-image-2221\" alt=\"ly\u017eiar na svahu\" srcset=\"https:\/\/snowflake.academy\/wp-content\/uploads\/2025\/08\/01.png 1058w, https:\/\/snowflake.academy\/wp-content\/uploads\/2025\/08\/01-600x575.png 600w, https:\/\/snowflake.academy\/wp-content\/uploads\/2025\/08\/01-300x288.png 300w, https:\/\/snowflake.academy\/wp-content\/uploads\/2025\/08\/01-1024x981.png 1024w, https:\/\/snowflake.academy\/wp-content\/uploads\/2025\/08\/01-768x736.png 768w\" sizes=\"(max-width: 1058px) 100vw, 1058px\" \/>\t\t\t\t\t\t\t\t\t\t\t\t\t\t\t<\/div>\n\t\t\t\t<div class=\"elementor-element elementor-element-11e5368 elementor-absolute elementor-hidden-desktop elementor-hidden-laptop elementor-hidden-tablet elementor-widget elementor-widget-image\" data-id=\"11e5368\" data-element_type=\"widget\" data-settings=\"{&quot;_position&quot;:&quot;absolute&quot;}\" data-widget_type=\"image.default\">\n\t\t\t\t\t\t\t\t\t\t\t\t\t\t\t<img loading=\"lazy\" decoding=\"async\" width=\"1\" height=\"1\" src=\"https:\/\/snowflake.academy\/wp-content\/uploads\/2025\/08\/Vector-11.svg\" class=\"attachment-large size-large wp-image-2222\" alt=\"\" \/>\t\t\t\t\t\t\t\t\t\t\t\t\t\t\t<\/div>\n\t\t\t\t<\/div>\n\t\t<div class=\"elementor-element elementor-element-880e321 e-con-full e-flex elementor-invisible e-con e-child\" data-id=\"880e321\" data-element_type=\"container\" data-settings=\"{&quot;jet_parallax_layout_list&quot;:[],&quot;animation&quot;:&quot;fadeIn&quot;,&quot;animation_delay&quot;:600}\">\n\t\t\t\t<div class=\"elementor-element elementor-element-219779a intro-text elementor-widget__width-initial elementor-invisible elementor-widget elementor-widget-heading\" data-id=\"219779a\" data-element_type=\"widget\" data-settings=\"{&quot;_animation&quot;:&quot;fadeInDown&quot;}\" data-widget_type=\"heading.default\">\n\t\t\t\t\t<h2 class=\"elementor-heading-title elementor-size-default\">P\u016eJ\u010cOVNA LY\u017dA\u0158SK\u00c9 A SNB V\u00ddZBROJE<\/h2>\t\t\t\t<\/div>\n\t\t\t\t<div class=\"elementor-element elementor-element-d131e4f elementor-widget__width-initial elementor-invisible elementor-widget elementor-widget-heading\" data-id=\"d131e4f\" data-element_type=\"widget\" data-settings=\"{&quot;_animation&quot;:&quot;fadeIn&quot;,&quot;_animation_delay&quot;:300}\" data-widget_type=\"heading.default\">\n\t\t\t\t\t<div class=\"elementor-heading-title elementor-size-default\">Vyber si vybaven\u00ed pro sv\u016fj v\u00fdkon od \u0161pi\u010dkov\u00fdch sv\u011btov\u00fdch v\u00fdrobc\u016f, ve SNOWFLAKE ti s v\u00fdb\u011brem porad\u00edme, a\u0165 u\u017e jsi \u00fapln\u00fd za\u010d\u00e1te\u010dn\u00edk nebo bojuje\u0161 o Velk\u00fd k\u0159i\u0161\u0165\u00e1lov\u00fd gl\u00f3bus.<\/div>\t\t\t\t<\/div>\n\t\t\t\t<div class=\"elementor-element elementor-element-db26d25 elementor-mobile-align-center footer-btn elementor-invisible elementor-widget elementor-widget-button\" data-id=\"db26d25\" data-element_type=\"widget\" data-settings=\"{&quot;_animation&quot;:&quot;fadeIn&quot;,&quot;_animation_delay&quot;:300}\" data-widget_type=\"button.default\">\n\t\t\t\t\t\t\t\t\t\t<a class=\"elementor-button elementor-button-link elementor-size-sm\" href=\"https:\/\/snowflake.academy\/cs\/pujcovna-rental\/\">\n\t\t\t\t\t\t<span class=\"elementor-button-content-wrapper\">\n\t\t\t\t\t\t<span class=\"elementor-button-icon\">\n\t\t\t\t<svg xmlns=\"http:\/\/www.w3.org\/2000\/svg\" width=\"14\" height=\"15\" viewBox=\"0 0 14 15\" fill=\"none\"><path d=\"M12.25 8.52669V12.0267C12.25 12.3361 12.1271 12.6329 11.9083 12.8517C11.6895 13.0704 11.3928 13.1934 11.0833 13.1934H2.91667C2.60725 13.1934 2.3105 13.0704 2.09171 12.8517C1.87292 12.6329 1.75 12.3361 1.75 12.0267V3.86003C1.75 3.55061 1.87292 3.25386 2.09171 3.03507C2.3105 2.81628 2.60725 2.69336 2.91667 2.69336H6.41667M12.25 2.69336L7 7.94336M12.25 2.69336H8.75M12.25 2.69336V6.19336\" stroke=\"white\" stroke-width=\"1.5\" stroke-linecap=\"round\" stroke-linejoin=\"round\"><\/path><\/svg>\t\t\t<\/span>\n\t\t\t\t\t\t\t\t\t<span class=\"elementor-button-text\">V\u00edce info<\/span>\n\t\t\t\t\t<\/span>\n\t\t\t\t\t<\/a>\n\t\t\t\t\t\t\t\t<\/div>\n\t\t\t\t<\/div>\n\t\t\t\t<\/div>\n\t\t\t\t\t<\/div>\n\t\t\t\t<\/div>\n\t\t\t\t<\/div>\n\t\t","protected":false},"excerpt":{"rendered":"<p>Akademie ly\u017eov\u00e1n\u00ed a snowboardingu Za\u017eij \u0161kolu ly\u017eov\u00e1n\u00ed, snowboardingu, skialpinismu, s\u00e1\u0148kov\u00e1n\u00ed, d\u011bl\u00e1n\u00ed sn\u011bhov\u00fdch and\u011bl\u016f, ve SNOWFLAKE jsme experti na zimn\u00ed sporty. V\u00edce info P\u016eJ\u010cOVNA LY\u017dA\u0158SK\u00c9 A SNB V\u00ddZBROJE Vyber si vybaven\u00ed pro sv\u016fj v\u00fdkon od \u0161pi\u010dkov\u00fdch sv\u011btov\u00fdch v\u00fdrobc\u016f, ve SNOWFLAKE ti s v\u00fdb\u011brem porad\u00edme, a\u0165 u\u017e jsi \u00fapln\u00fd za\u010d\u00e1te\u010dn\u00edk nebo bojuje\u0161 o Velk\u00fd k\u0159i\u0161\u0165\u00e1lov\u00fd gl\u00f3bus. V\u00edce [&hellip;]<\/p>\n","protected":false},"author":1,"featured_media":2221,"parent":0,"menu_order":0,"comment_status":"closed","ping_status":"closed","template":"elementor_header_footer","meta":{"footnotes":""},"class_list":["post-2245","page","type-page","status-publish","has-post-thumbnail","hentry"],"yoast_head":"<!-- This site is optimized with the Yoast SEO plugin v26.1.1 - https:\/\/yoast.com\/wordpress\/plugins\/seo\/ -->\n<title>Snowflake Academy Jasn\u00e1: Ly\u017ea\u0159sk\u00e1 \u0161kola a p\u016fj\u010dovna ly\u017e\u00ed<\/title>\n<meta name=\"description\" content=\"Nau\u010dte se ly\u017eovat nebo snowboardovat v Jasn\u00e9 s certifikovan\u00fdmi instruktory. Individu\u00e1ln\u00ed p\u0159\u00edstup, bezpe\u010dnost a z\u00e1bava na prvn\u00edm m\u00edst\u011b.\" \/>\n<meta name=\"robots\" content=\"index, follow, max-snippet:-1, max-image-preview:large, max-video-preview:-1\" \/>\n<link rel=\"canonical\" href=\"https:\/\/snowflake.academy\/cs\/\" \/>\n<meta property=\"og:locale\" content=\"cs_CZ\" \/>\n<meta property=\"og:type\" content=\"article\" \/>\n<meta property=\"og:title\" content=\"Snowflake Academy Jasn\u00e1: Ly\u017ea\u0159sk\u00e1 \u0161kola a p\u016fj\u010dovna ly\u017e\u00ed\" \/>\n<meta property=\"og:description\" content=\"Nau\u010dte se ly\u017eovat nebo snowboardovat v Jasn\u00e9 s certifikovan\u00fdmi instruktory. Individu\u00e1ln\u00ed p\u0159\u00edstup, bezpe\u010dnost a z\u00e1bava na prvn\u00edm m\u00edst\u011b.\" \/>\n<meta property=\"og:url\" content=\"https:\/\/snowflake.academy\/cs\/\" \/>\n<meta property=\"og:site_name\" content=\"Snowflake\" \/>\n<meta property=\"article:publisher\" content=\"https:\/\/www.facebook.com\/snowflakeacademyjasna\/\" \/>\n<meta property=\"article:modified_time\" content=\"2026-03-17T09:35:17+00:00\" \/>\n<meta property=\"og:image\" content=\"https:\/\/snowflake.academy\/wp-content\/uploads\/2025\/08\/01.png\" \/>\n\t<meta property=\"og:image:width\" content=\"1058\" \/>\n\t<meta property=\"og:image:height\" content=\"1014\" \/>\n\t<meta property=\"og:image:type\" content=\"image\/png\" \/>\n<meta name=\"twitter:card\" content=\"summary_large_image\" \/>\n<meta name=\"twitter:label1\" content=\"Odhadovan\u00e1 doba \u010dten\u00ed\" \/>\n\t<meta name=\"twitter:data1\" content=\"2 minuty\" \/>\n<!-- \/ Yoast SEO plugin. -->","yoast_head_json":{"title":"Snowflake Academy Jasn\u00e1: Ly\u017ea\u0159sk\u00e1 \u0161kola a p\u016fj\u010dovna ly\u017e\u00ed","description":"Nau\u010dte se ly\u017eovat nebo snowboardovat v Jasn\u00e9 s certifikovan\u00fdmi instruktory. Individu\u00e1ln\u00ed p\u0159\u00edstup, bezpe\u010dnost a z\u00e1bava na prvn\u00edm m\u00edst\u011b.","robots":{"index":"index","follow":"follow","max-snippet":"max-snippet:-1","max-image-preview":"max-image-preview:large","max-video-preview":"max-video-preview:-1"},"canonical":"https:\/\/snowflake.academy\/cs\/","og_locale":"cs_CZ","og_type":"article","og_title":"Snowflake Academy Jasn\u00e1: Ly\u017ea\u0159sk\u00e1 \u0161kola a p\u016fj\u010dovna ly\u017e\u00ed","og_description":"Nau\u010dte se ly\u017eovat nebo snowboardovat v Jasn\u00e9 s certifikovan\u00fdmi instruktory. Individu\u00e1ln\u00ed p\u0159\u00edstup, bezpe\u010dnost a z\u00e1bava na prvn\u00edm m\u00edst\u011b.","og_url":"https:\/\/snowflake.academy\/cs\/","og_site_name":"Snowflake","article_publisher":"https:\/\/www.facebook.com\/snowflakeacademyjasna\/","article_modified_time":"2026-03-17T09:35:17+00:00","og_image":[{"width":1058,"height":1014,"url":"https:\/\/snowflake.academy\/wp-content\/uploads\/2025\/08\/01.png","type":"image\/png"}],"twitter_card":"summary_large_image","twitter_misc":{"Odhadovan\u00e1 doba \u010dten\u00ed":"2 minuty"},"schema":{"@context":"https:\/\/schema.org","@graph":[{"@type":"WebPage","@id":"https:\/\/snowflake.academy\/cs\/","url":"https:\/\/snowflake.academy\/cs\/","name":"Snowflake Academy Jasn\u00e1: Ly\u017ea\u0159sk\u00e1 \u0161kola a p\u016fj\u010dovna ly\u017e\u00ed","isPartOf":{"@id":"https:\/\/snowflake.academy\/cs\/#website"},"primaryImageOfPage":{"@id":"https:\/\/snowflake.academy\/cs\/#primaryimage"},"image":{"@id":"https:\/\/snowflake.academy\/cs\/#primaryimage"},"thumbnailUrl":"https:\/\/snowflake.academy\/wp-content\/uploads\/2025\/08\/01.png","datePublished":"2025-07-25T12:16:40+00:00","dateModified":"2026-03-17T09:35:17+00:00","description":"Nau\u010dte se ly\u017eovat nebo snowboardovat v Jasn\u00e9 s certifikovan\u00fdmi instruktory. Individu\u00e1ln\u00ed p\u0159\u00edstup, bezpe\u010dnost a z\u00e1bava na prvn\u00edm m\u00edst\u011b.","breadcrumb":{"@id":"https:\/\/snowflake.academy\/cs\/#breadcrumb"},"inLanguage":"cs","potentialAction":[{"@type":"ReadAction","target":["https:\/\/snowflake.academy\/cs\/"]}]},{"@type":"ImageObject","inLanguage":"cs","@id":"https:\/\/snowflake.academy\/cs\/#primaryimage","url":"https:\/\/snowflake.academy\/wp-content\/uploads\/2025\/08\/01.png","contentUrl":"https:\/\/snowflake.academy\/wp-content\/uploads\/2025\/08\/01.png","width":1058,"height":1014,"caption":"ly\u017eiar na svahu"},{"@type":"BreadcrumbList","@id":"https:\/\/snowflake.academy\/cs\/#breadcrumb","itemListElement":[{"@type":"ListItem","position":1,"name":"Domovsk\u00e1 str\u00e1nka","item":"https:\/\/snowflake.academy\/cs\/"},{"@type":"ListItem","position":2,"name":"Dom\u016f"}]},{"@type":"WebSite","@id":"https:\/\/snowflake.academy\/cs\/#website","url":"https:\/\/snowflake.academy\/cs\/","name":"Snowflake","description":"","publisher":{"@id":"https:\/\/snowflake.academy\/cs\/#organization"},"potentialAction":[{"@type":"SearchAction","target":{"@type":"EntryPoint","urlTemplate":"https:\/\/snowflake.academy\/cs\/?s={search_term_string}"},"query-input":{"@type":"PropertyValueSpecification","valueRequired":true,"valueName":"search_term_string"}}],"inLanguage":"cs"},{"@type":"Organization","@id":"https:\/\/snowflake.academy\/cs\/#organization","name":"Snowflake","url":"https:\/\/snowflake.academy\/cs\/","logo":{"@type":"ImageObject","inLanguage":"cs","@id":"https:\/\/snowflake.academy\/cs\/#\/schema\/logo\/image\/","url":"https:\/\/snowflake.academy\/wp-content\/uploads\/2025\/07\/logo.svg","contentUrl":"https:\/\/snowflake.academy\/wp-content\/uploads\/2025\/07\/logo.svg","width":282,"height":86,"caption":"Snowflake"},"image":{"@id":"https:\/\/snowflake.academy\/cs\/#\/schema\/logo\/image\/"},"sameAs":["https:\/\/www.facebook.com\/snowflakeacademyjasna\/","https:\/\/www.instagram.com\/snowflakeacademy\/"]}]}},"_links":{"self":[{"href":"https:\/\/snowflake.academy\/cs\/wp-json\/wp\/v2\/pages\/2245","targetHints":{"allow":["GET"]}}],"collection":[{"href":"https:\/\/snowflake.academy\/cs\/wp-json\/wp\/v2\/pages"}],"about":[{"href":"https:\/\/snowflake.academy\/cs\/wp-json\/wp\/v2\/types\/page"}],"author":[{"embeddable":true,"href":"https:\/\/snowflake.academy\/cs\/wp-json\/wp\/v2\/users\/1"}],"replies":[{"embeddable":true,"href":"https:\/\/snowflake.academy\/cs\/wp-json\/wp\/v2\/comments?post=2245"}],"version-history":[{"count":12,"href":"https:\/\/snowflake.academy\/cs\/wp-json\/wp\/v2\/pages\/2245\/revisions"}],"predecessor-version":[{"id":4073,"href":"https:\/\/snowflake.academy\/cs\/wp-json\/wp\/v2\/pages\/2245\/revisions\/4073"}],"wp:featuredmedia":[{"embeddable":true,"href":"https:\/\/snowflake.academy\/cs\/wp-json\/wp\/v2\/media\/2221"}],"wp:attachment":[{"href":"https:\/\/snowflake.academy\/cs\/wp-json\/wp\/v2\/media?parent=2245"}],"curies":[{"name":"wp","href":"https:\/\/api.w.org\/{rel}","templated":true}]}}