{"id":12,"date":"2025-07-25T14:16:40","date_gmt":"2025-07-25T12:16:40","guid":{"rendered":"https:\/\/snowflake.academy\/?page_id=12"},"modified":"2026-04-20T14:26:15","modified_gmt":"2026-04-20T12:26:15","slug":"domov","status":"publish","type":"page","link":"https:\/\/snowflake.academy\/sk\/","title":{"rendered":"Domov"},"content":{"rendered":"\t\t<div data-elementor-type=\"wp-page\" data-elementor-id=\"12\" class=\"elementor elementor-12\" data-elementor-post-type=\"page\">\n\t\t\t\t<div class=\"elementor-element elementor-element-b73f7ca e-flex e-con-boxed e-con e-parent\" data-id=\"b73f7ca\" data-element_type=\"container\" data-settings=\"{&quot;background_background&quot;:&quot;classic&quot;,&quot;jet_parallax_layout_list&quot;:[]}\">\n\t\t\t\t\t<div class=\"e-con-inner\">\n\t\t\t\t<div class=\"elementor-element elementor-element-16b1313 elementor-absolute elementor-hidden-mobile elementor-widget elementor-widget-image\" data-id=\"16b1313\" data-element_type=\"widget\" data-settings=\"{&quot;_position&quot;:&quot;absolute&quot;}\" data-widget_type=\"image.default\">\n\t\t\t\t\t\t\t\t\t\t\t\t\t\t\t<img decoding=\"async\" src=\"https:\/\/snowflake.academy\/wp-content\/uploads\/2025\/08\/Vector-8.svg\" class=\"attachment-full size-full wp-image-1257\" alt=\"\" \/>\t\t\t\t\t\t\t\t\t\t\t\t\t\t\t<\/div>\n\t\t\t\t<div class=\"elementor-element elementor-element-bf284c6 elementor-absolute elementor-hidden-mobile elementor-widget elementor-widget-image\" data-id=\"bf284c6\" data-element_type=\"widget\" data-settings=\"{&quot;_position&quot;:&quot;absolute&quot;}\" data-widget_type=\"image.default\">\n\t\t\t\t\t\t\t\t\t\t\t\t\t\t\t<img decoding=\"async\" src=\"https:\/\/snowflake.academy\/wp-content\/uploads\/2025\/08\/Vector-9.svg\" class=\"attachment-full size-full wp-image-1258\" alt=\"\" \/>\t\t\t\t\t\t\t\t\t\t\t\t\t\t\t<\/div>\n\t\t\t\t<div class=\"elementor-element elementor-element-72a7339 elementor-widget elementor-widget-image\" data-id=\"72a7339\" data-element_type=\"widget\" data-widget_type=\"image.default\">\n\t\t\t\t\t\t\t\t\t\t\t\t\t\t\t<img decoding=\"async\" width=\"282\" height=\"86\" src=\"https:\/\/snowflake.academy\/wp-content\/uploads\/2025\/07\/logo.svg\" class=\"attachment-full size-full wp-image-16\" alt=\"snowflake academy logo\" \/>\t\t\t\t\t\t\t\t\t\t\t\t\t\t\t<\/div>\n\t\t<div class=\"elementor-element elementor-element-b7ec577 e-con-full e-flex e-con e-child\" data-id=\"b7ec577\" data-element_type=\"container\" data-settings=\"{&quot;jet_parallax_layout_list&quot;:[]}\">\n\t\t<div class=\"elementor-element elementor-element-af2ded2 e-con-full e-flex elementor-invisible e-con e-child\" data-id=\"af2ded2\" data-element_type=\"container\" data-settings=\"{&quot;jet_parallax_layout_list&quot;:[],&quot;animation&quot;:&quot;fadeInDown&quot;}\">\n\t\t\t\t<div class=\"elementor-element elementor-element-3ed69e4 intro-text elementor-widget__width-initial elementor-invisible elementor-widget elementor-widget-heading\" data-id=\"3ed69e4\" data-element_type=\"widget\" data-settings=\"{&quot;_animation&quot;:&quot;fadeInDown&quot;}\" data-widget_type=\"heading.default\">\n\t\t\t\t\t<h2 class=\"elementor-heading-title elementor-size-default\">Akad\u00e9mia Ly\u017eovania a  Snowboardingu<\/h2>\t\t\t\t<\/div>\n\t\t\t\t<div class=\"elementor-element elementor-element-0a25fb3 elementor-widget__width-initial elementor-invisible elementor-widget elementor-widget-heading\" data-id=\"0a25fb3\" data-element_type=\"widget\" data-settings=\"{&quot;_animation&quot;:&quot;fadeIn&quot;,&quot;_animation_delay&quot;:300}\" data-widget_type=\"heading.default\">\n\t\t\t\t\t<div class=\"elementor-heading-title elementor-size-default\">Za\u017ei \u0161kolu ly\u017eovania, snowboardingu, skialpinizmu, s\u00e1nkovania, robenia sne\u017en\u00fdch anjelov, v SNOWFLAKE sme expertmi v \u0161portoch na snehu.<\/div>\t\t\t\t<\/div>\n\t\t\t\t<div class=\"elementor-element elementor-element-6f76a8b elementor-mobile-align-center footer-btn elementor-invisible elementor-widget elementor-widget-button\" data-id=\"6f76a8b\" data-element_type=\"widget\" data-settings=\"{&quot;_animation&quot;:&quot;fadeIn&quot;,&quot;_animation_delay&quot;:300}\" data-widget_type=\"button.default\">\n\t\t\t\t\t\t\t\t\t\t<a class=\"elementor-button elementor-button-link elementor-size-sm\" href=\"https:\/\/snowflake.academy\/sk\/lyziarska-skola\/\">\n\t\t\t\t\t\t<span class=\"elementor-button-content-wrapper\">\n\t\t\t\t\t\t<span class=\"elementor-button-icon\">\n\t\t\t\t<svg xmlns=\"http:\/\/www.w3.org\/2000\/svg\" width=\"14\" height=\"15\" viewBox=\"0 0 14 15\" fill=\"none\"><path d=\"M12.25 8.52669V12.0267C12.25 12.3361 12.1271 12.6329 11.9083 12.8517C11.6895 13.0704 11.3928 13.1934 11.0833 13.1934H2.91667C2.60725 13.1934 2.3105 13.0704 2.09171 12.8517C1.87292 12.6329 1.75 12.3361 1.75 12.0267V3.86003C1.75 3.55061 1.87292 3.25386 2.09171 3.03507C2.3105 2.81628 2.60725 2.69336 2.91667 2.69336H6.41667M12.25 2.69336L7 7.94336M12.25 2.69336H8.75M12.25 2.69336V6.19336\" stroke=\"white\" stroke-width=\"1.5\" stroke-linecap=\"round\" stroke-linejoin=\"round\"><\/path><\/svg>\t\t\t<\/span>\n\t\t\t\t\t\t\t\t\t<span class=\"elementor-button-text\">Viac o ly\u017eiarskej \u0161kole<\/span>\n\t\t\t\t\t<\/span>\n\t\t\t\t\t<\/a>\n\t\t\t\t\t\t\t\t<\/div>\n\t\t\t\t<\/div>\n\t\t<div class=\"elementor-element elementor-element-a161af8 e-con-full e-flex e-con e-child\" data-id=\"a161af8\" data-element_type=\"container\" data-settings=\"{&quot;jet_parallax_layout_list&quot;:[]}\">\n\t\t\t\t<div class=\"elementor-element elementor-element-2e90cbc elementor-widget elementor-widget-image\" data-id=\"2e90cbc\" data-element_type=\"widget\" data-widget_type=\"image.default\">\n\t\t\t\t\t\t\t\t\t\t\t\t\t\t\t<img fetchpriority=\"high\" decoding=\"async\" width=\"1042\" height=\"1010\" src=\"https:\/\/snowflake.academy\/wp-content\/uploads\/2025\/08\/02.png\" class=\"attachment-full size-full wp-image-1348\" alt=\"ly\u017ee z po\u017ei\u010dovne v\u00fdbavy\" srcset=\"https:\/\/snowflake.academy\/wp-content\/uploads\/2025\/08\/02.png 1042w, https:\/\/snowflake.academy\/wp-content\/uploads\/2025\/08\/02-600x582.png 600w, https:\/\/snowflake.academy\/wp-content\/uploads\/2025\/08\/02-300x291.png 300w, https:\/\/snowflake.academy\/wp-content\/uploads\/2025\/08\/02-1024x993.png 1024w, https:\/\/snowflake.academy\/wp-content\/uploads\/2025\/08\/02-768x744.png 768w\" sizes=\"(max-width: 1042px) 100vw, 1042px\" \/>\t\t\t\t\t\t\t\t\t\t\t\t\t\t\t<\/div>\n\t\t\t\t<div class=\"elementor-element elementor-element-a036d2f elementor-absolute elementor-hidden-desktop elementor-hidden-laptop elementor-hidden-tablet elementor-widget elementor-widget-image\" data-id=\"a036d2f\" data-element_type=\"widget\" data-settings=\"{&quot;_position&quot;:&quot;absolute&quot;}\" data-widget_type=\"image.default\">\n\t\t\t\t\t\t\t\t\t\t\t\t\t\t\t<img decoding=\"async\" width=\"97\" height=\"283\" src=\"https:\/\/snowflake.academy\/wp-content\/uploads\/2025\/08\/Vector-10.svg\" class=\"attachment-large size-large wp-image-1337\" alt=\"\" \/>\t\t\t\t\t\t\t\t\t\t\t\t\t\t\t<\/div>\n\t\t\t\t<\/div>\n\t\t\t\t<\/div>\n\t\t<div class=\"elementor-element elementor-element-d9ae22c e-con-full e-flex e-con e-child\" data-id=\"d9ae22c\" data-element_type=\"container\" data-settings=\"{&quot;jet_parallax_layout_list&quot;:[]}\">\n\t\t<div class=\"elementor-element elementor-element-fc7548d e-con-full e-flex e-con e-child\" data-id=\"fc7548d\" data-element_type=\"container\" data-settings=\"{&quot;jet_parallax_layout_list&quot;:[]}\">\n\t\t\t\t<div class=\"elementor-element elementor-element-78d6ceb elementor-widget elementor-widget-image\" data-id=\"78d6ceb\" data-element_type=\"widget\" data-widget_type=\"image.default\">\n\t\t\t\t\t\t\t\t\t\t\t\t\t\t\t<img loading=\"lazy\" decoding=\"async\" width=\"1058\" height=\"1014\" src=\"https:\/\/snowflake.academy\/wp-content\/uploads\/2025\/08\/01.png\" class=\"attachment-full size-full wp-image-1347\" alt=\"ly\u017eiar na svahu\" srcset=\"https:\/\/snowflake.academy\/wp-content\/uploads\/2025\/08\/01.png 1058w, https:\/\/snowflake.academy\/wp-content\/uploads\/2025\/08\/01-600x575.png 600w, https:\/\/snowflake.academy\/wp-content\/uploads\/2025\/08\/01-300x288.png 300w, https:\/\/snowflake.academy\/wp-content\/uploads\/2025\/08\/01-1024x981.png 1024w, https:\/\/snowflake.academy\/wp-content\/uploads\/2025\/08\/01-768x736.png 768w\" sizes=\"(max-width: 1058px) 100vw, 1058px\" \/>\t\t\t\t\t\t\t\t\t\t\t\t\t\t\t<\/div>\n\t\t\t\t<div class=\"elementor-element elementor-element-11e5368 elementor-absolute elementor-hidden-desktop elementor-hidden-laptop elementor-hidden-tablet elementor-widget elementor-widget-image\" data-id=\"11e5368\" data-element_type=\"widget\" data-settings=\"{&quot;_position&quot;:&quot;absolute&quot;}\" data-widget_type=\"image.default\">\n\t\t\t\t\t\t\t\t\t\t\t\t\t\t\t<img loading=\"lazy\" decoding=\"async\" width=\"1\" height=\"1\" src=\"https:\/\/snowflake.academy\/wp-content\/uploads\/2025\/08\/Vector-11.svg\" class=\"attachment-large size-large wp-image-1338\" alt=\"\" \/>\t\t\t\t\t\t\t\t\t\t\t\t\t\t\t<\/div>\n\t\t\t\t<\/div>\n\t\t<div class=\"elementor-element elementor-element-880e321 e-con-full e-flex elementor-invisible e-con e-child\" data-id=\"880e321\" data-element_type=\"container\" data-settings=\"{&quot;jet_parallax_layout_list&quot;:[],&quot;animation&quot;:&quot;fadeIn&quot;,&quot;animation_delay&quot;:600}\">\n\t\t\t\t<div class=\"elementor-element elementor-element-219779a intro-text elementor-widget__width-initial elementor-invisible elementor-widget elementor-widget-heading\" data-id=\"219779a\" data-element_type=\"widget\" data-settings=\"{&quot;_animation&quot;:&quot;fadeInDown&quot;}\" data-widget_type=\"heading.default\">\n\t\t\t\t\t<h2 class=\"elementor-heading-title elementor-size-default\">PO\u017dI\u010coV\u0147A LY\u017dIARSKEJ A SNB V\u00ddSTROJE<\/h2>\t\t\t\t<\/div>\n\t\t\t\t<div class=\"elementor-element elementor-element-d131e4f elementor-widget__width-initial elementor-invisible elementor-widget elementor-widget-heading\" data-id=\"d131e4f\" data-element_type=\"widget\" data-settings=\"{&quot;_animation&quot;:&quot;fadeIn&quot;,&quot;_animation_delay&quot;:300}\" data-widget_type=\"heading.default\">\n\t\t\t\t\t<div class=\"elementor-heading-title elementor-size-default\">Vyber si vybavenie pre svoj v\u00fdkon od top svetov\u00fdch v\u00fdrobcov, v SNOWFLAKE ti s v\u00fdberom porad\u00edme \u010di u\u017e si \u00fapln\u00fd za\u010diato\u010dn\u00edk alebo bojuje\u0161 o Ve\u013ek\u00fd kri\u0161t\u00e1\u013eov\u00fd gl\u00f3bus.<\/div>\t\t\t\t<\/div>\n\t\t\t\t<div class=\"elementor-element elementor-element-db26d25 elementor-mobile-align-center footer-btn elementor-invisible elementor-widget elementor-widget-button\" data-id=\"db26d25\" data-element_type=\"widget\" data-settings=\"{&quot;_animation&quot;:&quot;fadeIn&quot;,&quot;_animation_delay&quot;:300}\" data-widget_type=\"button.default\">\n\t\t\t\t\t\t\t\t\t\t<a class=\"elementor-button elementor-button-link elementor-size-sm\" href=\"https:\/\/snowflake.academy\/sk\/pozicovna-rental\/\">\n\t\t\t\t\t\t<span class=\"elementor-button-content-wrapper\">\n\t\t\t\t\t\t<span class=\"elementor-button-icon\">\n\t\t\t\t<svg xmlns=\"http:\/\/www.w3.org\/2000\/svg\" width=\"14\" height=\"15\" viewBox=\"0 0 14 15\" fill=\"none\"><path d=\"M12.25 8.52669V12.0267C12.25 12.3361 12.1271 12.6329 11.9083 12.8517C11.6895 13.0704 11.3928 13.1934 11.0833 13.1934H2.91667C2.60725 13.1934 2.3105 13.0704 2.09171 12.8517C1.87292 12.6329 1.75 12.3361 1.75 12.0267V3.86003C1.75 3.55061 1.87292 3.25386 2.09171 3.03507C2.3105 2.81628 2.60725 2.69336 2.91667 2.69336H6.41667M12.25 2.69336L7 7.94336M12.25 2.69336H8.75M12.25 2.69336V6.19336\" stroke=\"white\" stroke-width=\"1.5\" stroke-linecap=\"round\" stroke-linejoin=\"round\"><\/path><\/svg>\t\t\t<\/span>\n\t\t\t\t\t\t\t\t\t<span class=\"elementor-button-text\">Viac o po\u017ei\u010dovni v\u00fdstroje<\/span>\n\t\t\t\t\t<\/span>\n\t\t\t\t\t<\/a>\n\t\t\t\t\t\t\t\t<\/div>\n\t\t\t\t<\/div>\n\t\t\t\t<\/div>\n\t\t\t\t\t<\/div>\n\t\t\t\t<\/div>\n\t\t\t\t<\/div>\n\t\t","protected":false},"excerpt":{"rendered":"<p>Akad\u00e9mia Ly\u017eovania a Snowboardingu Za\u017ei \u0161kolu ly\u017eovania, snowboardingu, skialpinizmu, s\u00e1nkovania, robenia sne\u017en\u00fdch anjelov, v SNOWFLAKE sme expertmi v \u0161portoch na snehu. Viac o ly\u017eiarskej \u0161kole PO\u017dI\u010coV\u0147A LY\u017dIARSKEJ A SNB V\u00ddSTROJE Vyber si vybavenie pre svoj v\u00fdkon od top svetov\u00fdch v\u00fdrobcov, v SNOWFLAKE ti s v\u00fdberom porad\u00edme \u010di u\u017e si \u00fapln\u00fd za\u010diato\u010dn\u00edk alebo bojuje\u0161 o Ve\u013ek\u00fd [&hellip;]<\/p>\n","protected":false},"author":1,"featured_media":0,"parent":0,"menu_order":0,"comment_status":"closed","ping_status":"closed","template":"elementor_header_footer","meta":{"footnotes":""},"class_list":["post-12","page","type-page","status-publish","hentry"],"yoast_head":"<!-- This site is optimized with the Yoast SEO plugin v26.1.1 - https:\/\/yoast.com\/wordpress\/plugins\/seo\/ -->\n<title>Snowflake Academy Jasn\u00e1: ly\u017eiarska \u0161kola a po\u017ei\u010dov\u0148a ly\u017e\u00ed<\/title>\n<meta name=\"description\" content=\"Nau\u010dte sa ly\u017eova\u0165 alebo snowboardova\u0165 v Jasnej s certifikovan\u00fdmi in\u0161truktormi. Po\u017ei\u010dajte si v Snowflake Academy ly\u017eiarsku, snowboardov\u00fa alebo skialpov\u00fa v\u00fdbavu\" \/>\n<meta name=\"robots\" content=\"index, follow, max-snippet:-1, max-image-preview:large, max-video-preview:-1\" \/>\n<link rel=\"canonical\" href=\"https:\/\/snowflake.academy\/sk\/\" \/>\n<meta property=\"og:locale\" content=\"sk_SK\" \/>\n<meta property=\"og:type\" content=\"article\" \/>\n<meta property=\"og:title\" content=\"Snowflake Academy Jasn\u00e1: ly\u017eiarska \u0161kola a po\u017ei\u010dov\u0148a ly\u017e\u00ed\" \/>\n<meta property=\"og:description\" content=\"Nau\u010dte sa ly\u017eova\u0165 alebo snowboardova\u0165 v Jasnej s certifikovan\u00fdmi in\u0161truktormi. Po\u017ei\u010dajte si v Snowflake Academy ly\u017eiarsku, snowboardov\u00fa alebo skialpov\u00fa v\u00fdbavu\" \/>\n<meta property=\"og:url\" content=\"https:\/\/snowflake.academy\/sk\/\" \/>\n<meta property=\"og:site_name\" content=\"Snowflake\" \/>\n<meta property=\"article:publisher\" content=\"https:\/\/www.facebook.com\/snowflakeacademyjasna\/\" \/>\n<meta property=\"article:modified_time\" content=\"2026-04-20T12:26:15+00:00\" \/>\n<meta name=\"twitter:card\" content=\"summary_large_image\" \/>\n<meta name=\"twitter:label1\" content=\"Predpokladan\u00fd \u010das \u010d\u00edtania\" \/>\n\t<meta name=\"twitter:data1\" content=\"1 min\u00fata\" \/>\n<!-- \/ Yoast SEO plugin. -->","yoast_head_json":{"title":"Snowflake Academy Jasn\u00e1: ly\u017eiarska \u0161kola a po\u017ei\u010dov\u0148a ly\u017e\u00ed","description":"Nau\u010dte sa ly\u017eova\u0165 alebo snowboardova\u0165 v Jasnej s certifikovan\u00fdmi in\u0161truktormi. Po\u017ei\u010dajte si v Snowflake Academy ly\u017eiarsku, snowboardov\u00fa alebo skialpov\u00fa v\u00fdbavu","robots":{"index":"index","follow":"follow","max-snippet":"max-snippet:-1","max-image-preview":"max-image-preview:large","max-video-preview":"max-video-preview:-1"},"canonical":"https:\/\/snowflake.academy\/sk\/","og_locale":"sk_SK","og_type":"article","og_title":"Snowflake Academy Jasn\u00e1: ly\u017eiarska \u0161kola a po\u017ei\u010dov\u0148a ly\u017e\u00ed","og_description":"Nau\u010dte sa ly\u017eova\u0165 alebo snowboardova\u0165 v Jasnej s certifikovan\u00fdmi in\u0161truktormi. Po\u017ei\u010dajte si v Snowflake Academy ly\u017eiarsku, snowboardov\u00fa alebo skialpov\u00fa v\u00fdbavu","og_url":"https:\/\/snowflake.academy\/sk\/","og_site_name":"Snowflake","article_publisher":"https:\/\/www.facebook.com\/snowflakeacademyjasna\/","article_modified_time":"2026-04-20T12:26:15+00:00","twitter_card":"summary_large_image","twitter_misc":{"Predpokladan\u00fd \u010das \u010d\u00edtania":"1 min\u00fata"},"schema":{"@context":"https:\/\/schema.org","@graph":[{"@type":"WebPage","@id":"https:\/\/snowflake.academy\/sk\/","url":"https:\/\/snowflake.academy\/sk\/","name":"Snowflake Academy Jasn\u00e1: ly\u017eiarska \u0161kola a po\u017ei\u010dov\u0148a ly\u017e\u00ed","isPartOf":{"@id":"https:\/\/snowflake.academy\/sk\/#website"},"primaryImageOfPage":{"@id":"https:\/\/snowflake.academy\/sk\/#primaryimage"},"image":{"@id":"https:\/\/snowflake.academy\/sk\/#primaryimage"},"thumbnailUrl":"https:\/\/snowflake.academy\/wp-content\/uploads\/2025\/08\/Vector-8.svg","datePublished":"2025-07-25T12:16:40+00:00","dateModified":"2026-04-20T12:26:15+00:00","description":"Nau\u010dte sa ly\u017eova\u0165 alebo snowboardova\u0165 v Jasnej s certifikovan\u00fdmi in\u0161truktormi. Po\u017ei\u010dajte si v Snowflake Academy ly\u017eiarsku, snowboardov\u00fa alebo skialpov\u00fa v\u00fdbavu","breadcrumb":{"@id":"https:\/\/snowflake.academy\/sk\/#breadcrumb"},"inLanguage":"sk-SK","potentialAction":[{"@type":"ReadAction","target":["https:\/\/snowflake.academy\/sk\/"]}]},{"@type":"ImageObject","inLanguage":"sk-SK","@id":"https:\/\/snowflake.academy\/sk\/#primaryimage","url":"https:\/\/snowflake.academy\/wp-content\/uploads\/2025\/08\/Vector-8.svg","contentUrl":"https:\/\/snowflake.academy\/wp-content\/uploads\/2025\/08\/Vector-8.svg"},{"@type":"BreadcrumbList","@id":"https:\/\/snowflake.academy\/sk\/#breadcrumb","itemListElement":[{"@type":"ListItem","position":1,"name":"Domovsk\u00e1 str\u00e1nka","item":"https:\/\/snowflake.academy\/sk\/"},{"@type":"ListItem","position":2,"name":"Domov"}]},{"@type":"WebSite","@id":"https:\/\/snowflake.academy\/sk\/#website","url":"https:\/\/snowflake.academy\/sk\/","name":"Snowflake","description":"","publisher":{"@id":"https:\/\/snowflake.academy\/sk\/#organization"},"potentialAction":[{"@type":"SearchAction","target":{"@type":"EntryPoint","urlTemplate":"https:\/\/snowflake.academy\/sk\/?s={search_term_string}"},"query-input":{"@type":"PropertyValueSpecification","valueRequired":true,"valueName":"search_term_string"}}],"inLanguage":"sk-SK"},{"@type":"Organization","@id":"https:\/\/snowflake.academy\/sk\/#organization","name":"Snowflake","url":"https:\/\/snowflake.academy\/sk\/","logo":{"@type":"ImageObject","inLanguage":"sk-SK","@id":"https:\/\/snowflake.academy\/sk\/#\/schema\/logo\/image\/","url":"https:\/\/snowflake.academy\/wp-content\/uploads\/2025\/07\/logo.svg","contentUrl":"https:\/\/snowflake.academy\/wp-content\/uploads\/2025\/07\/logo.svg","width":282,"height":86,"caption":"Snowflake"},"image":{"@id":"https:\/\/snowflake.academy\/sk\/#\/schema\/logo\/image\/"},"sameAs":["https:\/\/www.facebook.com\/snowflakeacademyjasna\/","https:\/\/www.instagram.com\/snowflakeacademy\/"]}]}},"_links":{"self":[{"href":"https:\/\/snowflake.academy\/sk\/wp-json\/wp\/v2\/pages\/12","targetHints":{"allow":["GET"]}}],"collection":[{"href":"https:\/\/snowflake.academy\/sk\/wp-json\/wp\/v2\/pages"}],"about":[{"href":"https:\/\/snowflake.academy\/sk\/wp-json\/wp\/v2\/types\/page"}],"author":[{"embeddable":true,"href":"https:\/\/snowflake.academy\/sk\/wp-json\/wp\/v2\/users\/1"}],"replies":[{"embeddable":true,"href":"https:\/\/snowflake.academy\/sk\/wp-json\/wp\/v2\/comments?post=12"}],"version-history":[{"count":22,"href":"https:\/\/snowflake.academy\/sk\/wp-json\/wp\/v2\/pages\/12\/revisions"}],"predecessor-version":[{"id":5146,"href":"https:\/\/snowflake.academy\/sk\/wp-json\/wp\/v2\/pages\/12\/revisions\/5146"}],"wp:attachment":[{"href":"https:\/\/snowflake.academy\/sk\/wp-json\/wp\/v2\/media?parent=12"}],"curies":[{"name":"wp","href":"https:\/\/api.w.org\/{rel}","templated":true}]}}